{"id":1316,"date":"2021-11-22T12:29:22","date_gmt":"2021-11-22T11:29:22","guid":{"rendered":"https:\/\/www.camping-les-micocouliers.com\/animations\/"},"modified":"2021-11-22T12:29:23","modified_gmt":"2021-11-22T11:29:23","slug":"animations","status":"publish","type":"page","link":"https:\/\/www.camping-les-micocouliers.com\/en\/animations\/","title":{"rendered":"Animations"},"content":{"rendered":"\n<div class=\"wp-block-group H-45-a\"><div class=\"wp-block-group__inner-container\">\n<div class=\"wp-block-columns\">\n<div class=\"wp-block-column animations-bloc-description\">\n<h1 class=\"H-45-a-title\">Pyr\u00e9n\u00e9es Orientales campsite with entertainment near Argeles sur mer<\/h1>\n\n\n\n<h2 class=\"H-45-a-title2\">\u275d The activities of our campsite in the 66: between a haven of relaxation and cheerfulness \u275e<\/h2>\n\n\n\n<p class=\"H-45-a-description\">The <strong>3-star Pyr\u00e9n\u00e9es Orientales campsite,<\/strong> Les Micocouliers offers <strong>activities throughout the summer<\/strong> between the sea and the mountains near <strong>Argel\u00e8s sur Mer<\/strong> . <\/p>\n\n\n\n<p class=\"H-45-a-description\">At the Micocouliers campsite, nothing is lacking for a successful summer vacation. The <strong>green natural setting near Argel\u00e8s sur Mer<\/strong> offers the shade of its paths lined with eucalyptus to share a game of p\u00e9tanque. The edges of the swimming pool invite to lie down in a deckchair for a tanning session. The <strong>many activities in July and August<\/strong> welcome you to share a <strong>moment of conviviality<\/strong> all together. In this <strong>haven of relaxation and cheerfulness<\/strong> , find now the various entertainment programs offered during the day and in the evening.<\/p>\n<\/div>\n\n\n\n<div class=\"wp-block-column H-45-a-right animations-right\">\n<div class=\"wp-block-group H-45-a-img\"><div class=\"wp-block-group__inner-container\">\n<figure class=\"wp-block-image size-full\"><img width=\"500\" height=\"335\" src=\"https:\/\/www.camping-les-micocouliers.com\/wp-content\/uploads\/2021\/09\/soiree-crissy-girl.webp\" alt=\"\" class=\"wp-image-412\" srcset=\"https:\/\/www.camping-les-micocouliers.com\/wp-content\/uploads\/2021\/09\/soiree-crissy-girl.webp 500w, https:\/\/www.camping-les-micocouliers.com\/wp-content\/uploads\/2021\/09\/soiree-crissy-girl-300x201.webp 300w\" sizes=\"(max-width: 500px) 100vw, 500px\" \/><\/figure><\/div><\/div>\n<\/div>\n<\/div>\n\n\n\n<figure class=\"wp-block-image size-full H-45-a-montagne animations-montagne\"><img width=\"597\" height=\"418\" src=\"https:\/\/www.camping-les-micocouliers.com\/wp-content\/uploads\/2021\/09\/20998787-removebg-preview-reverse-1.png\" alt=\"\" class=\"wp-image-841\" srcset=\"https:\/\/www.camping-les-micocouliers.com\/wp-content\/uploads\/2021\/09\/20998787-removebg-preview-reverse-1.png 597w, https:\/\/www.camping-les-micocouliers.com\/wp-content\/uploads\/2021\/09\/20998787-removebg-preview-reverse-1-300x210.png 300w\" sizes=\"(max-width: 597px) 100vw, 597px\" \/><\/figure><\/div><\/div>\n\n<div class=\"wp-block-group H-15-a\"><div class=\"wp-block-group__inner-container\">\n<h2 class=\"H-45-a-title2 animations-title\">Family friendly campsite near Argel\u00e8s sur mer and Perpignan<\/h2>\n\n\n\n<div class=\"wp-block-columns animations-bloc\">\n<div class=\"wp-block-column\" style=\"flex-basis:33.33%\">\n<h3 class=\"H-15-a-title\">Camping trip to Perpignan, let yourself be tempted by games and festivities<\/h3>\n\n\n\n<div class=\"wp-block-columns\">\n<div class=\"wp-block-column H-15-a-svg\">\n<svg xmlns=\"http:\/\/www.w3.org\/2000\/svg\" width=\"74.261\" height=\"20.155\" viewbox=\"0 0 74.261 20.155\"><path id=\"Trac\u00e9_49\" data-name=\"Trac\u00e9 49\" d=\"M5654.127,1841.939l11.669-11.67,11.671,11.67,11.669-11.67,11.671,11.67,11.669-11.67,11.67,11.67\" transform=\"translate(-5652.005 -1826.026)\" fill=\"none\" stroke=\"#353628\" stroke-width=\"6\" opacity=\"0.5\"><\/path><\/svg><\/div>\n<\/div>\n<\/div>\n\n\n\n<div class=\"wp-block-column\" style=\"flex-basis:66.66%\">\n<p class=\"H-15-a-description\">In a more convivial inspiration, the outdoor swimming pool is, year after year, the happiness of all for holidays with family or friends on a <strong>campsite near Argel\u00e8s sur mer<\/strong> . Sunbathing, water games and swimming sessions, it remains the privileged place for all. Parents, children, couples and friends meet there to share a moment of relaxation. In complete safety, a paddling pool welcomes even the little ones. In this seaside atmosphere, the competitive spirit can also be expressed to the delight of tournament fans.<\/p>\n\n\n\n<p class=\"H-15-a-description\">The <strong>p\u00e9tanque<\/strong> competitions await all holidaymakers wishing to compete against each other in a friendly atmosphere. For pig lovers, the <strong>Pyr\u00e9n\u00e9es Orientales family campsite<\/strong> near Perpignan offers <strong>a free tournament once a week<\/strong> (July and August) with many prizes to be won. The Sor\u00e9dienne petanque, where the bowling alley, located just behind the campsite, organizes <strong>every Wednesday and Saturday night competitions<\/strong> where we are all welcome.<\/p>\n\n\n\n<p class=\"H-15-a-description\"><strong>Tennis<\/strong> can also be put on the program provided you find your partner, it is played outside the campsite, 5 minutes away on foot.<\/p>\n<\/div>\n<\/div>\n<\/div><\/div>\n\n<div class=\"wp-block-group H-10-a animations-bloc2\"><div class=\"wp-block-group__inner-container\">\n<div class=\"wp-block-columns H-10-a-container\">\n<div class=\"wp-block-column\">\n<p class=\"H-25-a-container-description animations-bloc2-description\">As for the little ones, the workshops and the playground will allow them to occupy themselves pleasantly while waiting to know the winners. Unless they simply prefer to blend in with the atmosphere by turning into supporters of the exploits of their elders.<\/p>\n\n\n\n<p class=\"H-25-a-container-description animations-bloc2-description\">Finally, to end the day in style, the <strong>nightly entertainment<\/strong> will take over to celebrate the holidays. With <strong>2 to 3 musical evenings per week<\/strong> (in July and August only), the party will be fully honored.<\/p>\n\n\n\n<p class=\"H-25-a-container-description animations-bloc2-description invisible\">And let&#8217;s not forget <strong>the village entertainment<\/strong> , just a few minutes walk away, which makes dancing, singing, discovering, and above all having a good time with its <strong>sardanas<\/strong> , its <strong>night markets<\/strong> , its <strong>blues festival<\/strong> and much more.<\/p>\n\n\n\n<div class=\"wp-block-buttons toggle-contenu\">\n<div class=\"wp-block-button lire-plus\"><a class=\"wp-block-button__link\">Read more<\/a><\/div>\n\n\n\n<div class=\"wp-block-button lire-moins\"><a class=\"wp-block-button__link\">Reduce content<\/a><\/div>\n<\/div>\n\n\n\n<svg xmlns=\"http:\/\/www.w3.org\/2000\/svg\" width=\"38.46\" height=\"9.003\" viewbox=\"0 0 38.46 9.003\"><path id=\"Trac\u00e9_52\" data-name=\"Trac\u00e9 52\" d=\"M5654.127,1836.443l6.174-6.174,6.175,6.174,6.174-6.174,6.175,6.174,6.174-6.174,6.175,6.174\" transform=\"translate(-5653.42 -1828.854)\" fill=\"none\" stroke=\"#fff\" stroke-width=\"2\" opacity=\"0.5\"><\/path><\/svg><\/div>\n\n\n\n<div class=\"wp-block-column\">\n<h3 class=\"H-25-a-container-title animations-bloc2-title\">Family campsite near Argel\u00e8s sur Mer: entertainment for young and old in the Pyr\u00e9n\u00e9es Orientales<\/h3>\n\n\n\n<div class=\"wp-block-columns\">\n<div class=\"wp-block-column\">\n<figure class=\"wp-block-image size-medium H-25-a-container-img\"><img width=\"300\" height=\"283\" src=\"https:\/\/www.camping-les-micocouliers.com\/wp-content\/uploads\/2021\/09\/chanteuses-karaoke-4-300x283.webp\" alt=\"\" class=\"wp-image-416\" srcset=\"https:\/\/www.camping-les-micocouliers.com\/wp-content\/uploads\/2021\/09\/chanteuses-karaoke-4-300x283.webp 300w, https:\/\/www.camping-les-micocouliers.com\/wp-content\/uploads\/2021\/09\/chanteuses-karaoke-4.webp 355w\" sizes=\"(max-width: 300px) 100vw, 300px\" \/><\/figure><\/div>\n<\/div>\n<\/div>\n<\/div>\n\n\n\n<div class=\"wp-block-columns\">\n<div class=\"wp-block-column accueil-sorrede-mico\">\n<figure class=\"wp-block-image size-full\"><img width=\"228\" height=\"461\" src=\"https:\/\/www.camping-les-micocouliers.com\/wp-content\/uploads\/2021\/10\/feuille_micocoulier-removebg-preview.png\" alt=\"Hackberry: Leaf Hackberry Removebg Preview\" class=\"wp-image-1086\" srcset=\"https:\/\/www.camping-les-micocouliers.com\/wp-content\/uploads\/2021\/10\/feuille_micocoulier-removebg-preview.png 228w, https:\/\/www.camping-les-micocouliers.com\/wp-content\/uploads\/2021\/10\/feuille_micocoulier-removebg-preview-148x300.png 148w\" sizes=\"(max-width: 228px) 100vw, 228px\" \/><\/figure><\/div>\n<\/div>\n<\/div><\/div>\n\n<div class=\"wp-block-group\"><div class=\"wp-block-group__inner-container\">\n<div class=\"wp-block-columns H-15-a\">\n<div class=\"wp-block-column\" style=\"flex-basis:33.33%\">\n<h2 class=\"H-15-a-title\"><strong>Activities for everyone for your family stay on a 3-star Pyr\u00e9n\u00e9es Orientales campsite<\/strong><\/h2>\n\n\n\n<div class=\"wp-block-columns\">\n<div class=\"wp-block-column H-15-a-svg\">\n<svg xmlns=\"http:\/\/www.w3.org\/2000\/svg\" width=\"74.261\" height=\"20.155\" viewbox=\"0 0 74.261 20.155\"><path id=\"Trac\u00e9_49\" data-name=\"Trac\u00e9 49\" d=\"M5654.127,1841.939l11.669-11.67,11.671,11.67,11.669-11.67,11.671,11.67,11.669-11.67,11.67,11.67\" transform=\"translate(-5652.005 -1826.026)\" fill=\"none\" stroke=\"#353628\" stroke-width=\"6\" opacity=\"0.5\"><\/path><\/svg><\/div>\n<\/div>\n<\/div>\n\n\n\n<div class=\"wp-block-column\" style=\"flex-basis:66.66%\">\n<p class=\"H-15-a-description\">Organized to satisfy everyone&#8217;s tastes, the days unfold to the rhythm of sports activities, relaxation sessions and water games. Adults who want to take advantage of the summer vacation to sculpt their figure will be spoiled for choice.<\/p>\n\n\n\n<h3 class=\"H-45-a-title2 animations-title2\">Campsite near Argel\u00e8s sur Mer: Sport or relaxation, there is something for everyone<\/h3>\n\n\n\n<p class=\"H-15-a-description\">To stay in the marine mood of the campsite located not far from the beach of Argel\u00e8s, they will be welcome to the <strong>aquagym<\/strong> lessons given in July and August. Led by state-certified teachers, they combine physical effort with the joys of water. To alternate between the pleasures of sport, an <strong>outdoor fitness area<\/strong> is also available.<\/p>\n\n\n\n<p class=\"H-15-a-description\">As for those for whom fitness must rhyme with the Zen spirit, they will strike a pose in <strong>yoga<\/strong> classes. Nothing like it to keep a toned body while cultivating its well-being. Finally, other activities in Perpignan await those who thirst for adventure and freedom. The exceptional environment between the sea and the mountains remains conducive for <strong>bike<\/strong> rides or <strong>horseback riding<\/strong> . Thrills and magnificent landscapes guaranteed.<\/p>\n<\/div>\n<\/div>\n<\/div><\/div>\n\n<div class=\"wp-block-group locations-gallery animations-gallery\"><div class=\"wp-block-group__inner-container\">\n<figure class=\"wp-block-gallery columns-3 is-cropped diaporama\"><ul class=\"blocks-gallery-grid\"><li class=\"blocks-gallery-item\"><figure><img width=\"500\" height=\"335\" src=\"https:\/\/www.camping-les-micocouliers.com\/wp-content\/uploads\/2021\/09\/danseuses-crissy-girl-2.webp\" alt=\"\" data-id=\"463\" data-full-url=\"https:\/\/www.camping-les-micocouliers.com\/wp-content\/uploads\/2021\/09\/danseuses-crissy-girl-2.webp\" data-link=\"https:\/\/www.camping-les-micocouliers.com\/activites\/attachment\/danseuses-crissy-girl-2\/\" class=\"wp-image-463\" srcset=\"https:\/\/www.camping-les-micocouliers.com\/wp-content\/uploads\/2021\/09\/danseuses-crissy-girl-2.webp 500w, https:\/\/www.camping-les-micocouliers.com\/wp-content\/uploads\/2021\/09\/danseuses-crissy-girl-2-300x201.webp 300w\" sizes=\"(max-width: 500px) 100vw, 500px\" \/><\/figure><\/li><li class=\"blocks-gallery-item\"><figure><img width=\"500\" height=\"335\" src=\"https:\/\/www.camping-les-micocouliers.com\/wp-content\/uploads\/2021\/09\/soiree-spectacle-crissy-girl-2.webp\" alt=\"\" data-id=\"464\" data-full-url=\"https:\/\/www.camping-les-micocouliers.com\/wp-content\/uploads\/2021\/09\/soiree-spectacle-crissy-girl-2.webp\" data-link=\"https:\/\/www.camping-les-micocouliers.com\/activites\/attachment\/soiree-spectacle-crissy-girl-2\/\" class=\"wp-image-464\" srcset=\"https:\/\/www.camping-les-micocouliers.com\/wp-content\/uploads\/2021\/09\/soiree-spectacle-crissy-girl-2.webp 500w, https:\/\/www.camping-les-micocouliers.com\/wp-content\/uploads\/2021\/09\/soiree-spectacle-crissy-girl-2-300x201.webp 300w\" sizes=\"(max-width: 500px) 100vw, 500px\" \/><\/figure><\/li><li class=\"blocks-gallery-item\"><figure><img width=\"1024\" height=\"576\" src=\"https:\/\/www.camping-les-micocouliers.com\/wp-content\/uploads\/2021\/10\/Image6-1024x576.jpg\" alt=\"The Micocouliers: Image6\" data-id=\"1134\" data-full-url=\"https:\/\/www.camping-les-micocouliers.com\/wp-content\/uploads\/2021\/10\/Image6-scaled.jpg\" data-link=\"https:\/\/www.camping-les-micocouliers.com\/animations\/attachment\/image6\/\" class=\"wp-image-1134\" srcset=\"https:\/\/www.camping-les-micocouliers.com\/wp-content\/uploads\/2021\/10\/Image6-1024x576.jpg 1024w, https:\/\/www.camping-les-micocouliers.com\/wp-content\/uploads\/2021\/10\/Image6-300x169.jpg 300w, https:\/\/www.camping-les-micocouliers.com\/wp-content\/uploads\/2021\/10\/Image6-768x432.jpg 768w, https:\/\/www.camping-les-micocouliers.com\/wp-content\/uploads\/2021\/10\/Image6-1536x864.jpg 1536w, https:\/\/www.camping-les-micocouliers.com\/wp-content\/uploads\/2021\/10\/Image6-2048x1152.jpg 2048w\" sizes=\"(max-width: 1024px) 100vw, 1024px\" \/><\/figure><\/li><\/ul><\/figure><\/div><\/div>\n","protected":false},"excerpt":{"rendered":"<p>Pyr\u00e9n\u00e9es Orientales campsite with entertainment near Argeles sur mer \u275d The activities of our campsite in the 66: between a haven of relaxation and cheerfulness \u275e The 3-star Pyr\u00e9n\u00e9es Orientales campsite, Les Micocouliers offers activities throughout the summer between the sea and the mountains near Argel\u00e8s sur Mer . At the Micocouliers campsite, nothing is [&hellip;]<\/p>\n","protected":false},"author":1,"featured_media":0,"parent":0,"menu_order":0,"comment_status":"closed","ping_status":"closed","template":"","meta":[],"_links":{"self":[{"href":"https:\/\/www.camping-les-micocouliers.com\/en\/wp-json\/wp\/v2\/pages\/1316"}],"collection":[{"href":"https:\/\/www.camping-les-micocouliers.com\/en\/wp-json\/wp\/v2\/pages"}],"about":[{"href":"https:\/\/www.camping-les-micocouliers.com\/en\/wp-json\/wp\/v2\/types\/page"}],"author":[{"embeddable":true,"href":"https:\/\/www.camping-les-micocouliers.com\/en\/wp-json\/wp\/v2\/users\/1"}],"replies":[{"embeddable":true,"href":"https:\/\/www.camping-les-micocouliers.com\/en\/wp-json\/wp\/v2\/comments?post=1316"}],"version-history":[{"count":3,"href":"https:\/\/www.camping-les-micocouliers.com\/en\/wp-json\/wp\/v2\/pages\/1316\/revisions"}],"predecessor-version":[{"id":1319,"href":"https:\/\/www.camping-les-micocouliers.com\/en\/wp-json\/wp\/v2\/pages\/1316\/revisions\/1319"}],"wp:attachment":[{"href":"https:\/\/www.camping-les-micocouliers.com\/en\/wp-json\/wp\/v2\/media?parent=1316"}],"curies":[{"name":"wp","href":"https:\/\/api.w.org\/{rel}","templated":true}]}}