{"id":1352,"date":"2021-11-22T12:32:33","date_gmt":"2021-11-22T11:32:33","guid":{"rendered":"https:\/\/www.camping-les-micocouliers.com\/services\/"},"modified":"2023-07-07T11:00:37","modified_gmt":"2023-07-07T09:00:37","slug":"services","status":"publish","type":"page","link":"https:\/\/www.camping-les-micocouliers.com\/en\/services\/","title":{"rendered":"Services"},"content":{"rendered":"\n<div class=\"wp-block-group H-45-a\"><div class=\"wp-block-group__inner-container\">\n<div class=\"wp-block-columns\">\n<div class=\"wp-block-column\">\n<h1 class=\"H-45-a-title\">The 3-star services of your campsite in the Pyr\u00e9n\u00e9es Orientales (66)<\/h1>\n\n\n\n<p class=\"H-45-a-description\">In your <strong>Pyr\u00e9n\u00e9es Orientales campsite, Les Micocouliers ***<\/strong> , you will find a multitude of services to facilitate the organization of your <strong>stay near Argel\u00e8s sur Mer<\/strong> . In addition, Les Micocouliers also provides many facilities and leisure activities for young and old. Enough to fully enjoy your stay at the <strong>campsite in the Eastern Pyrenees<\/strong> !<\/p>\n<\/div>\n\n\n\n<div class=\"wp-block-column H-45-a-right services-right\">\n<div class=\"wp-block-group H-45-a-img\"><div class=\"wp-block-group__inner-container\">\n<figure class=\"wp-block-image size-large\"><img width=\"1024\" height=\"573\" src=\"https:\/\/www.camping-les-micocouliers.com\/wp-content\/uploads\/2021\/10\/IMG_20210823_0918072-1024x573.jpg\" alt=\"\" class=\"wp-image-1139\" srcset=\"https:\/\/www.camping-les-micocouliers.com\/wp-content\/uploads\/2021\/10\/IMG_20210823_0918072-1024x573.jpg 1024w, https:\/\/www.camping-les-micocouliers.com\/wp-content\/uploads\/2021\/10\/IMG_20210823_0918072-300x168.jpg 300w, https:\/\/www.camping-les-micocouliers.com\/wp-content\/uploads\/2021\/10\/IMG_20210823_0918072-768x430.jpg 768w, https:\/\/www.camping-les-micocouliers.com\/wp-content\/uploads\/2021\/10\/IMG_20210823_0918072-1536x860.jpg 1536w, https:\/\/www.camping-les-micocouliers.com\/wp-content\/uploads\/2021\/10\/IMG_20210823_0918072-2048x1146.jpg 2048w\" sizes=\"(max-width: 1024px) 100vw, 1024px\" \/><\/figure>\n<\/div><\/div>\n<\/div>\n<\/div>\n\n\n\n<figure class=\"wp-block-image size-full H-45-a-montagne\"><img width=\"597\" height=\"418\" src=\"https:\/\/www.camping-les-micocouliers.com\/wp-content\/uploads\/2021\/09\/20998787-removebg-preview-reverse-1.png\" alt=\"\" class=\"wp-image-841\" title=\"\" srcset=\"https:\/\/www.camping-les-micocouliers.com\/wp-content\/uploads\/2021\/09\/20998787-removebg-preview-reverse-1.png 597w, https:\/\/www.camping-les-micocouliers.com\/wp-content\/uploads\/2021\/09\/20998787-removebg-preview-reverse-1-300x210.png 300w\" sizes=\"(max-width: 597px) 100vw, 597px\" \/><\/figure>\n<\/div><\/div>\n\n\n\n<div class=\"wp-block-group H-10-a services-bloc\"><div class=\"wp-block-group__inner-container\">\n<div class=\"wp-block-columns H-10-a-container\">\n<div class=\"wp-block-column\">\n<p class=\"H-25-a-container-description services-description\">During your stay at the <strong>campsite in the 66<\/strong> , you can count on the <strong>pizzeria restaurant<\/strong> (lunch and dinner service), the grocery store and the bar open in high season at Les Micocouliers. Holidaymakers who like convivial moments around a <strong>barbecue<\/strong> can also count on the barbecue accessible to all.<\/p>\n\n\n\n<div class=\"wp-block-columns\">\n<div class=\"wp-block-column animations-bloc2-svg\">\n<svg xmlns=\"http:\/\/www.w3.org\/2000\/svg\" width=\"38.46\" height=\"9.003\" viewBox=\"0 0 38.46 9.003\"><path id=\"Trac\u00e9_52\" data-name=\"Trac\u00e9 52\" d=\"M5654.127,1836.443l6.174-6.174,6.175,6.174,6.174-6.174,6.175,6.174,6.174-6.174,6.175,6.174\" transform=\"translate(-5653.42 -1828.854)\" fill=\"none\" stroke=\"#fff\" stroke-width=\"2\" opacity=\"0.5\"><\/path><\/svg>\n<\/div>\n<\/div>\n<\/div>\n\n\n\n<div class=\"wp-block-column\">\n<h2 class=\"H-25-a-container-title\">Eating at the campsite in the Pyr\u00e9n\u00e9es Orientales<\/h2>\n\n\n\n<div class=\"wp-block-columns H-10-a-container-box\">\n<div class=\"wp-block-column H-25-a-container-img\">\n<figure class=\"wp-block-image size-full\"><img width=\"500\" height=\"335\" src=\"https:\/\/www.camping-les-micocouliers.com\/wp-content\/uploads\/2021\/09\/pizza-micocouliers.webp\" alt=\"\" class=\"wp-image-441\" srcset=\"https:\/\/www.camping-les-micocouliers.com\/wp-content\/uploads\/2021\/09\/pizza-micocouliers.webp 500w, https:\/\/www.camping-les-micocouliers.com\/wp-content\/uploads\/2021\/09\/pizza-micocouliers-300x201.webp 300w\" sizes=\"(max-width: 500px) 100vw, 500px\" \/><\/figure>\n<\/div>\n<\/div>\n<\/div>\n<\/div>\n\n\n\n<div class=\"wp-block-columns\">\n<div class=\"wp-block-column accueil-sorrede-mico\">\n<figure class=\"wp-block-image size-full\"><img width=\"228\" height=\"461\" src=\"https:\/\/www.camping-les-micocouliers.com\/wp-content\/uploads\/2021\/10\/feuille_micocoulier-removebg-preview.png\" alt=\"Hackberry: Leaf Hackberry Removebg Preview\" class=\"wp-image-1086\" srcset=\"https:\/\/www.camping-les-micocouliers.com\/wp-content\/uploads\/2021\/10\/feuille_micocoulier-removebg-preview.png 228w, https:\/\/www.camping-les-micocouliers.com\/wp-content\/uploads\/2021\/10\/feuille_micocoulier-removebg-preview-148x300.png 148w\" sizes=\"(max-width: 228px) 100vw, 228px\" \/><\/figure>\n<\/div>\n<\/div>\n<\/div><\/div>\n\n\n\n<div class=\"wp-block-group H-30-a\"><div class=\"wp-block-group__inner-container\">\n<div class=\"wp-block-columns H-30-a-container\">\n<div class=\"wp-block-column\">\n<h2 class=\"H-30-a-container-title\">Relax and have fun during your stay at the campsite in the 66<\/h2>\n\n\n\n<div class=\"wp-block-columns\">\n<div class=\"wp-block-column H-30-a-container-img\">\n<figure class=\"wp-block-image size-large is-style-default\"><img width=\"1024\" height=\"682\" src=\"https:\/\/www.camping-les-micocouliers.com\/wp-content\/uploads\/2021\/09\/argeles-sur-mer_plage_ete-1024x682.webp\" alt=\"\" class=\"wp-image-735\" srcset=\"https:\/\/www.camping-les-micocouliers.com\/wp-content\/uploads\/2021\/09\/argeles-sur-mer_plage_ete-1024x682.webp 1024w, https:\/\/www.camping-les-micocouliers.com\/wp-content\/uploads\/2021\/09\/argeles-sur-mer_plage_ete-300x200.webp 300w, https:\/\/www.camping-les-micocouliers.com\/wp-content\/uploads\/2021\/09\/argeles-sur-mer_plage_ete-768x512.webp 768w, https:\/\/www.camping-les-micocouliers.com\/wp-content\/uploads\/2021\/09\/argeles-sur-mer_plage_ete.webp 1250w\" sizes=\"(max-width: 1024px) 100vw, 1024px\" \/><\/figure>\n<\/div>\n<\/div>\n<\/div>\n\n\n\n<div class=\"wp-block-column\">\n<p class=\"H-30-a-container-description services-description\">If you are still hesitating between a holiday in the mountains or by the sea<br>during the summer, Les Micocouliers, our campsite in the 66, allows you to enjoy both at the same time. Indeed, we are indeed only 7 kilometers from the city of Argel\u00e8s-sur-Mer, its beautiful beaches along the Mediterranean and its markets Enjoy pleasant moments at <strong>campsite 66<\/strong> , Les Micocouliers, thanks to its various leisure facilities adapted to all tastes. The more sporty can take advantage of the <strong>swimming pool<\/strong> to do a few lengths, but also of the <strong>courses offered<\/strong> on site (gym, yoga and aquagym) or even challenge their friends or family around a game of table tennis.<\/p>\n\n\n\n<div class=\"wp-block-columns\">\n<div class=\"wp-block-column animations-bloc2-svg\">\n<svg xmlns=\"http:\/\/www.w3.org\/2000\/svg\" width=\"38.46\" height=\"9.003\" viewBox=\"0 0 38.46 9.003\"><path id=\"Trac\u00e9_52\" data-name=\"Trac\u00e9 52\" d=\"M5654.127,1836.443l6.174-6.174,6.175,6.174,6.174-6.174,6.175,6.174,6.174-6.174,6.175,6.174\" transform=\"translate(-5653.42 -1828.854)\" fill=\"none\" stroke=\"#fff\" stroke-width=\"2\" opacity=\"0.5\"><\/path><\/svg>\n<\/div>\n<\/div>\n<\/div>\n<\/div>\n\n\n\n<div class=\"wp-block-columns\">\n<div class=\"wp-block-column H-30-a-mico\">\n<figure class=\"wp-block-image size-full\"><img width=\"228\" height=\"461\" src=\"https:\/\/www.camping-les-micocouliers.com\/wp-content\/uploads\/2021\/10\/feuille_micocoulier-removebg-preview.png\" alt=\"Hackberry: Leaf Hackberry Removebg Preview\" class=\"wp-image-1086\" srcset=\"https:\/\/www.camping-les-micocouliers.com\/wp-content\/uploads\/2021\/10\/feuille_micocoulier-removebg-preview.png 228w, https:\/\/www.camping-les-micocouliers.com\/wp-content\/uploads\/2021\/10\/feuille_micocoulier-removebg-preview-148x300.png 148w\" sizes=\"(max-width: 228px) 100vw, 228px\" \/><\/figure>\n<\/div>\n<\/div>\n<\/div><\/div>\n\n\n\n<div class=\"wp-block-group\"><div class=\"wp-block-group__inner-container\">\n<div class=\"wp-block-columns H-15-a\">\n<div class=\"wp-block-column\" style=\"flex-basis:350px\">\n<h2 class=\"H-15-a-title\">Enjoy on-site entertainment<\/h2>\n\n\n\n<div class=\"wp-block-columns\">\n<div class=\"wp-block-column H-15-a-svg\">\n<svg xmlns=\"http:\/\/www.w3.org\/2000\/svg\" width=\"74.261\" height=\"20.155\" viewBox=\"0 0 74.261 20.155\"><path id=\"Trac\u00e9_49\" data-name=\"Trac\u00e9 49\" d=\"M5654.127,1841.939l11.669-11.67,11.671,11.67,11.669-11.67,11.671,11.67,11.669-11.67,11.67,11.67\" transform=\"translate(-5652.005 -1826.026)\" fill=\"none\" stroke=\"#353628\" stroke-width=\"6\" opacity=\"0.5\"><\/path><\/svg>\n<\/div>\n<\/div>\n\n\n\n<p><\/p>\n<\/div>\n\n\n\n<div class=\"wp-block-column\">\n<p class=\"H-15-a-description\">From group sport lessons to its <strong>evening entertainment once or twice a week in July and August,<\/strong> to its <strong>p\u00e9tanque tournaments<\/strong> , you can enjoy <strong>daytime and evening entertainment<\/strong> during your next <strong>vacation in Sor\u00e8de<\/strong> .<\/p>\n\n\n\n<p class=\"H-15-a-description\">Find now all the services offered at our <strong>3-star Pyrenees Orientale campsite, Les Micocouliers<\/strong> :<\/p>\n\n\n\n<article class=\"wp-block-group services-content\">\n<div class=\"wp-block-columns\">\n<div class=\"wp-block-column services-items\"><i class=\"fas fa-swimmer\"><\/i>\n\n\n\n<p>1 swimming pool (20m by 10m)<\/p>\n<\/div>\n\n\n\n<div class=\"wp-block-column\"><i class=\"fas fa-swimming-pool\"><\/i>\n\n\n\n<p>1 children&#8217;s paddling pool<\/p>\n<\/div>\n\n\n\n<div class=\"wp-block-column\"><i class=\"fas fa-pizza-slice\"><\/i>\n\n\n\n<p>1 pizzeria restaurant<br>(open July and August)<\/p>\n<\/div>\n\n\n\n<div class=\"wp-block-column\"><i class=\"fas fa-shopping-basket\"><\/i>\n\n\n\n<p>1 bar \/ grocery store<br>(open July and August)<\/p>\n<\/div>\n<\/div>\n\n\n\n<div class=\"wp-block-columns\">\n<div class=\"wp-block-column\"><i class=\"fas fa-tshirt\"><\/i>\n\n\n\n<p>2 washing machines and 1 dryer<\/p>\n<\/div>\n\n\n\n<div class=\"wp-block-column\"><i class=\"fas fa-table-tennis\"><\/i>\n\n\n\n<p>Ping pong table<\/p>\n<\/div>\n\n\n\n<div class=\"wp-block-column\"><i class=\"fas fa-futbol\"><\/i>\n\n\n\n<p>Mini football field<\/p>\n<\/div>\n\n\n\n<div class=\"wp-block-column\"><i class=\"far fa-walking\"><\/i>\n\n\n\n<p>Fitness area<\/p>\n<\/div>\n<\/div>\n\n\n\n<div class=\"wp-block-columns\">\n<div class=\"wp-block-column\"><i class=\"fal fa-tennis-ball\"><\/i>\n\n\n\n<p>Petanque<\/p>\n<\/div>\n\n\n\n<div class=\"wp-block-column\"><i class=\"fas fa-shapes\"><\/i>\n\n\n\n<p>1 children&#8217;s play area<\/p>\n<\/div>\n\n\n\n<div class=\"wp-block-column\"><i class=\"fad fa-volleyball-ball\"><\/i>\n\n\n\n<p>Entertainment for adults and children (only<br> in July and August).<\/p>\n<\/div>\n\n\n\n<div class=\"wp-block-column\"><i class=\"fad fa-dumbbell\"><\/i>\n\n\n\n<p>Gym, yoga and aquagym classes (only in July and August)<\/p>\n<\/div>\n<\/div>\n\n\n\n<div class=\"wp-block-columns\">\n<div class=\"wp-block-column\"><i class=\"far fa-sparkles\"><\/i>\n\n\n\n<p>Theme evening once or twice a week (only in July and August)<\/p>\n<\/div>\n\n\n\n<div class=\"wp-block-column\"><i class=\"fas fa-wifi\"><\/i>\n\n\n\n<p>WIFI access: full coverage throughout the campsite. Purchase at reception or directly online.<\/p>\n<\/div>\n\n\n\n<div class=\"wp-block-column\"><i class=\"fas fa-wheelchair\"><\/i>\n\n\n\n<p>Suitable for people with reduced mobility: 2 cabins and 4 chalets<\/p>\n<\/div>\n<\/div>\n<\/article>\n\n\n\n<p><\/p>\n<\/div>\n<\/div>\n<\/div><\/div>\n","protected":false},"excerpt":{"rendered":"<p>The 3-star services of your campsite in the Pyr\u00e9n\u00e9es Orientales (66) In your Pyr\u00e9n\u00e9es Orientales campsite, Les Micocouliers *** , you will find a multitude of services to facilitate the organization of your stay near Argel\u00e8s sur Mer . In addition, Les Micocouliers also provides many facilities and leisure activities for young and old. Enough [&hellip;]<\/p>\n","protected":false},"author":1,"featured_media":0,"parent":0,"menu_order":0,"comment_status":"closed","ping_status":"closed","template":"","meta":[],"_links":{"self":[{"href":"https:\/\/www.camping-les-micocouliers.com\/en\/wp-json\/wp\/v2\/pages\/1352"}],"collection":[{"href":"https:\/\/www.camping-les-micocouliers.com\/en\/wp-json\/wp\/v2\/pages"}],"about":[{"href":"https:\/\/www.camping-les-micocouliers.com\/en\/wp-json\/wp\/v2\/types\/page"}],"author":[{"embeddable":true,"href":"https:\/\/www.camping-les-micocouliers.com\/en\/wp-json\/wp\/v2\/users\/1"}],"replies":[{"embeddable":true,"href":"https:\/\/www.camping-les-micocouliers.com\/en\/wp-json\/wp\/v2\/comments?post=1352"}],"version-history":[{"count":3,"href":"https:\/\/www.camping-les-micocouliers.com\/en\/wp-json\/wp\/v2\/pages\/1352\/revisions"}],"predecessor-version":[{"id":1877,"href":"https:\/\/www.camping-les-micocouliers.com\/en\/wp-json\/wp\/v2\/pages\/1352\/revisions\/1877"}],"wp:attachment":[{"href":"https:\/\/www.camping-les-micocouliers.com\/en\/wp-json\/wp\/v2\/media?parent=1352"}],"curies":[{"name":"wp","href":"https:\/\/api.w.org\/{rel}","templated":true}]}}